{"id":50,"date":"2017-02-22T08:48:30","date_gmt":"2017-02-22T08:48:30","guid":{"rendered":"http:\/\/www.hepmet.ee\/?page_id=50"},"modified":"2019-01-29T15:23:33","modified_gmt":"2019-01-29T13:23:33","slug":"esileht","status":"publish","type":"page","link":"https:\/\/www.hepmet.ee\/","title":{"rendered":"Esileht"},"content":{"rendered":"<p>O\u00dc Hepmet on asutatud 2001a. Eesti ja Soome kapitalil (34%). Meile kuulub 1200 m2 tootmisruume Viljandi linnas. Valmistame metallkonstruktsioone, trepipiirded, aiaposte, mahuteid ja muud. Oleme abiks p\u00f5llu-ja metsatehnika remondil, v\u00f5i ka uue valmistamisel. Hepmet on spetsialiseeritud rahvusvaheliste ettev\u00f5tete allhangetele. Oleme teinud allhankeid n\u00e4iteks karuslooma kasvatuse s\u00f6\u00f6dak\u00f6\u00f6kidele Soomes, suuremaid ja v\u00e4iksemaid detaile nii kohalikule Eesti turule, kui ka mujale Skandinaavias. Pakume oma klientidele mehaanilist t\u00f6\u00f6tlemist, keevitamist ja kokkupanekut vastavalt klientide joonistele. T\u00e4nu pikaajalistele kogemustele ning koost\u00f6\u00f6partneritele, suudame leida lahenduse ka k\u00f5ige keerulistemale probleemidele. Meie jaoks on oluline olla paindlik ning vastata kliendi ootustele. Meie meeskond koosneb 9 oma-ala professionaalist, kes on kvalifitseeritud ning omavad vastavaid sertifikaate.<\/p>\n<p><strong>Firma omab sertifikaati EN ISO 3834-2<\/strong><br \/>\nning kuulub <strong>\u00d6sterberg Group<\/strong> kontserni.<\/p>\n<p><strong>Meie p\u00f5hitegevuseks on:<\/strong><br \/>\nA. Metallkonstruktsioonide valmistamine<br \/>\nB. Treimine, freesimine, l\u00f5ikus giljotiiniga kuni 10 mm, painutus rullvaltside ja ka kantpressiga.<br \/>\nC. Mustmetalli (roostevaba) keevitus.<\/p>\n","protected":false},"excerpt":{"rendered":"<p>O\u00dc Hepmet on asutatud 2001a. Eesti ja Soome kapitalil (34%). Meile kuulub 1200 m2 tootmisruume Viljandi linnas. Valmistame metallkonstruktsioone, trepipiirded, aiaposte, mahuteid ja muud. Oleme abiks p\u00f5llu-ja metsatehnika remondil, v\u00f5i ka uue valmistamisel. Hepmet on spetsialiseeritud rahvusvaheliste ettev\u00f5tete allhangetele. Oleme teinud allhankeid n\u00e4iteks karuslooma kasvatuse s\u00f6\u00f6dak\u00f6\u00f6kidele Soomes, suuremaid ja v\u00e4iksemaid &hellip;<\/p>\n","protected":false},"author":1,"featured_media":0,"parent":0,"menu_order":0,"comment_status":"closed","ping_status":"closed","template":"","meta":{"footnotes":""},"class_list":["post-50","page","type-page","status-publish","hentry"],"aioseo_notices":[],"_links":{"self":[{"href":"https:\/\/www.hepmet.ee\/index.php?rest_route=\/wp\/v2\/pages\/50","targetHints":{"allow":["GET"]}}],"collection":[{"href":"https:\/\/www.hepmet.ee\/index.php?rest_route=\/wp\/v2\/pages"}],"about":[{"href":"https:\/\/www.hepmet.ee\/index.php?rest_route=\/wp\/v2\/types\/page"}],"author":[{"embeddable":true,"href":"https:\/\/www.hepmet.ee\/index.php?rest_route=\/wp\/v2\/users\/1"}],"replies":[{"embeddable":true,"href":"https:\/\/www.hepmet.ee\/index.php?rest_route=%2Fwp%2Fv2%2Fcomments&post=50"}],"version-history":[{"count":17,"href":"https:\/\/www.hepmet.ee\/index.php?rest_route=\/wp\/v2\/pages\/50\/revisions"}],"predecessor-version":[{"id":428,"href":"https:\/\/www.hepmet.ee\/index.php?rest_route=\/wp\/v2\/pages\/50\/revisions\/428"}],"wp:attachment":[{"href":"https:\/\/www.hepmet.ee\/index.php?rest_route=%2Fwp%2Fv2%2Fmedia&parent=50"}],"curies":[{"name":"wp","href":"https:\/\/api.w.org\/{rel}","templated":true}]}}