{"id":47,"date":"2017-02-22T08:48:09","date_gmt":"2017-02-22T08:48:09","guid":{"rendered":"http:\/\/www.hepmet.ee\/?page_id=47"},"modified":"2019-01-28T17:53:52","modified_gmt":"2019-01-28T15:53:52","slug":"seadmed","status":"publish","type":"page","link":"https:\/\/www.hepmet.ee\/?page_id=47","title":{"rendered":"Seadmed"},"content":{"rendered":"<p>Meie seadmete ja masina parki kuuluvad<\/p>\n<p><strong>Treipingid<\/strong><\/p>\n<ul>\n<li>Harrison 1400 u CNC<\/li>\n<li>Puma 6.3A CNC<\/li>\n<li>Tos SU 100 (\u00d81000 l=4000)<\/li>\n<li>Okuma LR 25-M<\/li>\n<\/ul>\n<p><strong>T\u00f6\u00f6stuskeskused<\/strong><\/p>\n<ul>\n<li>Kitamura 700&#215;500 CNC<\/li>\n<li>Leadwell MCV 760P CNC<\/li>\n<\/ul>\n<p><strong>Sisetreipink<\/strong><\/p>\n<ul>\n<li>Union 1000x1000x1000 (XxYxZ)<\/li>\n<\/ul>\n<p><strong>Keevitused<\/strong><\/p>\n<ul>\n<li>Kemppi Pro 4200<\/li>\n<li>Kemppi Fast mig 400<\/li>\n<li>Kemppi 350<\/li>\n<li>Kemppi 450<\/li>\n<\/ul>\n<p><strong>Kantpressid<\/strong><\/p>\n<ul>\n<li>Finn.Power l=3000 110t CNC<\/li>\n<li>Safan&nbsp;l=3000 110t CNC<\/li>\n<\/ul>\n<p><strong>Rullvaltsid<\/strong><\/p>\n<p>&nbsp;<\/p>\n","protected":false},"excerpt":{"rendered":"<p>Meie seadmete ja masina parki kuuluvad Treipingid Harrison 1400 u CNC Puma 6.3A CNC Tos SU 100 (\u00d81000 l=4000) Okuma LR 25-M T\u00f6\u00f6stuskeskused Kitamura 700&#215;500 CNC Leadwell MCV 760P CNC Sisetreipink Union 1000x1000x1000 (XxYxZ) Keevitused Kemppi Pro 4200 Kemppi Fast mig 400 Kemppi 350 Kemppi 450 Kantpressid Finn.Power l=3000 110t &hellip;<\/p>\n","protected":false},"author":1,"featured_media":0,"parent":0,"menu_order":0,"comment_status":"closed","ping_status":"closed","template":"","meta":{"footnotes":""},"class_list":["post-47","page","type-page","status-publish","hentry"],"aioseo_notices":[],"_links":{"self":[{"href":"https:\/\/www.hepmet.ee\/index.php?rest_route=\/wp\/v2\/pages\/47","targetHints":{"allow":["GET"]}}],"collection":[{"href":"https:\/\/www.hepmet.ee\/index.php?rest_route=\/wp\/v2\/pages"}],"about":[{"href":"https:\/\/www.hepmet.ee\/index.php?rest_route=\/wp\/v2\/types\/page"}],"author":[{"embeddable":true,"href":"https:\/\/www.hepmet.ee\/index.php?rest_route=\/wp\/v2\/users\/1"}],"replies":[{"embeddable":true,"href":"https:\/\/www.hepmet.ee\/index.php?rest_route=%2Fwp%2Fv2%2Fcomments&post=47"}],"version-history":[{"count":9,"href":"https:\/\/www.hepmet.ee\/index.php?rest_route=\/wp\/v2\/pages\/47\/revisions"}],"predecessor-version":[{"id":350,"href":"https:\/\/www.hepmet.ee\/index.php?rest_route=\/wp\/v2\/pages\/47\/revisions\/350"}],"wp:attachment":[{"href":"https:\/\/www.hepmet.ee\/index.php?rest_route=%2Fwp%2Fv2%2Fmedia&parent=47"}],"curies":[{"name":"wp","href":"https:\/\/api.w.org\/{rel}","templated":true}]}}