{"id":359,"date":"2019-01-28T20:22:20","date_gmt":"2019-01-28T18:22:20","guid":{"rendered":"http:\/\/www.hepmet.ee\/?page_id=359"},"modified":"2019-02-23T16:39:31","modified_gmt":"2019-02-23T14:39:31","slug":"etusivu","status":"publish","type":"page","link":"https:\/\/www.hepmet.ee\/?page_id=359&lang=fi","title":{"rendered":"Etusivu"},"content":{"rendered":"\n<p><\/p>\n\n\n\n<p>O\u00dc <strong>Hepmet <\/strong>on perustettu huhtikuussa vuonna 2001. Yritys toimii virolaisen ja suomalaisen (34%) p\u00e4\u00e4oman turvin. Yhti\u00f6ll\u00e4 on 1200 m 2 tuotantotilat Viljandin kaupungissa. Valmistamme erilaisia metallirakenteita, porraskaiteita, aitatolppia, kontteja ja muuta. Autamme maatalous- ja mets\u00e4koneiden korjaust\u00f6iss\u00e4 ja my\u00f6skin uusien valmistuksessa. Hepmet on erikoistunut kansainv\u00e4listen yritysten alihankintaan. Olemme suorittaneet alihankintat\u00f6it\u00e4 esimerkiksi turkistilojen rehukeitti\u00f6ille Suomessa, samoin valmistaneet isompia ja pienempi\u00e4 laiteosia sek\u00e4 paikallisille markkinoille Virossa ett\u00e4 Skandinavian maihin. Tarjoamme asiakkaillemme erilaisia palveluita, kuten metallien mekaaninen ty\u00f6st\u00f6, hitsaus ja kokoaminen asiakkaiden piirustuksien mukaan. Pitk\u00e4n kokemuksemme ja yhteisty\u00f6kumppanimme ansiosta pystymme ratkaisemaan asiakkaiden monimutkaisimmat haasteet. Tiimiss\u00e4mme toimii 9 oman alan ammattilaista, jotka ovat p\u00e4tevi\u00e4 ja sertifioituja.<br \/> <\/p>\n\n\n\n<p><strong>Yhti\u00f6ll\u00e4mme on EN ISO 3834-2 sertifikaatti.<\/strong><br \/> Kuulumme \u00d6sterberg Group konserniin.<\/p>\n\n\n\n<p><br \/> Meid\u00e4n p\u00e4\u00e4toimialamme ovat:<br \/> A. Metallirakenteiden valmistaminen<br \/> B. Sorvaus- ja jyrsint\u00e4ty\u00f6t, leikkaus giljotiinilla enint\u00e4\u00e4n 10 mm,<br \/> metallien taivutus sek\u00e4 mankelilla ett\u00e4 s\u00e4rm\u00e4yskoneella.<br \/> C. Rautametallien (ruostumaton ter\u00e4s) hitsaus.<\/p>\n","protected":false},"excerpt":{"rendered":"<p>O\u00dc Hepmet on perustettu huhtikuussa vuonna 2001. Yritys toimii virolaisen ja suomalaisen (34%) p\u00e4\u00e4oman turvin. Yhti\u00f6ll\u00e4 on 1200 m 2 tuotantotilat Viljandin kaupungissa. Valmistamme erilaisia metallirakenteita, porraskaiteita, aitatolppia, kontteja ja muuta. Autamme maatalous- ja mets\u00e4koneiden korjaust\u00f6iss\u00e4 ja my\u00f6skin uusien valmistuksessa. Hepmet on erikoistunut kansainv\u00e4listen yritysten alihankintaan. Olemme suorittaneet alihankintat\u00f6it\u00e4 esimerkiksi &hellip;<\/p>\n","protected":false},"author":1,"featured_media":0,"parent":0,"menu_order":0,"comment_status":"closed","ping_status":"closed","template":"","meta":{"footnotes":""},"class_list":["post-359","page","type-page","status-publish","hentry"],"aioseo_notices":[],"_links":{"self":[{"href":"https:\/\/www.hepmet.ee\/index.php?rest_route=\/wp\/v2\/pages\/359","targetHints":{"allow":["GET"]}}],"collection":[{"href":"https:\/\/www.hepmet.ee\/index.php?rest_route=\/wp\/v2\/pages"}],"about":[{"href":"https:\/\/www.hepmet.ee\/index.php?rest_route=\/wp\/v2\/types\/page"}],"author":[{"embeddable":true,"href":"https:\/\/www.hepmet.ee\/index.php?rest_route=\/wp\/v2\/users\/1"}],"replies":[{"embeddable":true,"href":"https:\/\/www.hepmet.ee\/index.php?rest_route=%2Fwp%2Fv2%2Fcomments&post=359"}],"version-history":[{"count":7,"href":"https:\/\/www.hepmet.ee\/index.php?rest_route=\/wp\/v2\/pages\/359\/revisions"}],"predecessor-version":[{"id":457,"href":"https:\/\/www.hepmet.ee\/index.php?rest_route=\/wp\/v2\/pages\/359\/revisions\/457"}],"wp:attachment":[{"href":"https:\/\/www.hepmet.ee\/index.php?rest_route=%2Fwp%2Fv2%2Fmedia&parent=359"}],"curies":[{"name":"wp","href":"https:\/\/api.w.org\/{rel}","templated":true}]}}