{"id":356,"date":"2019-01-28T20:14:53","date_gmt":"2019-01-28T18:14:53","guid":{"rendered":"http:\/\/www.hepmet.ee\/?page_id=356"},"modified":"2019-01-29T15:32:52","modified_gmt":"2019-01-29T13:32:52","slug":"laitteemme-ja-koneparkimme-kuuluvat","status":"publish","type":"page","link":"https:\/\/www.hepmet.ee\/?page_id=356&lang=fi","title":{"rendered":"Konepuisto"},"content":{"rendered":"\n<p><\/p>\n\n\n\n<p>Laitteemme ja koneparkimme kuuluvat<\/p>\n\n\n\n<p><br \/><strong>Sorvit<\/strong><br \/> Harrison 1400 u CNC <br \/> Puma 6.3A CNC <br \/> N\u00e4m\u00e4 SU 100 (\u00d81000 l = 4000) <br \/> Okuma LR 25-M <br \/> <br \/><strong>Teollisuuskeskukset<\/strong> <br \/> Kitamura 700 \u00d7 500 CNC <br \/> Leadwell MCV 760P CNC <br \/> <br \/><strong>Vet\u00e4minen sis\u00e4\u00e4n <\/strong><br \/> Union 1000x1000x1000 (XxYxZ) <br \/> <br \/><strong>Hitsaukseen<\/strong> <br \/> Kemppi Pro 4200 <br \/> Kemppi Fast mig 400 <br \/> Kemppi 350 <br \/> Kemppi 450 <br \/> <br \/><strong>Kaksi s\u00e4rmi <\/strong> <br \/> Finn.Power l = 3000 110t CNC <br \/> Safan l = 3000 110t CNC <br \/> <br \/> <strong>Mangeli<\/strong> <\/p>\n","protected":false},"excerpt":{"rendered":"<p>Laitteemme ja koneparkimme kuuluvat Sorvit Harrison 1400 u CNC Puma 6.3A CNC N\u00e4m\u00e4 SU 100 (\u00d81000 l = 4000) Okuma LR 25-M Teollisuuskeskukset Kitamura 700 \u00d7 500 CNC Leadwell MCV 760P CNC Vet\u00e4minen sis\u00e4\u00e4n Union 1000x1000x1000 (XxYxZ) Hitsaukseen Kemppi Pro 4200 Kemppi Fast mig 400 Kemppi 350 Kemppi 450 Kaksi &hellip;<\/p>\n","protected":false},"author":1,"featured_media":0,"parent":0,"menu_order":0,"comment_status":"closed","ping_status":"closed","template":"","meta":{"footnotes":""},"class_list":["post-356","page","type-page","status-publish","hentry"],"aioseo_notices":[],"_links":{"self":[{"href":"https:\/\/www.hepmet.ee\/index.php?rest_route=\/wp\/v2\/pages\/356","targetHints":{"allow":["GET"]}}],"collection":[{"href":"https:\/\/www.hepmet.ee\/index.php?rest_route=\/wp\/v2\/pages"}],"about":[{"href":"https:\/\/www.hepmet.ee\/index.php?rest_route=\/wp\/v2\/types\/page"}],"author":[{"embeddable":true,"href":"https:\/\/www.hepmet.ee\/index.php?rest_route=\/wp\/v2\/users\/1"}],"replies":[{"embeddable":true,"href":"https:\/\/www.hepmet.ee\/index.php?rest_route=%2Fwp%2Fv2%2Fcomments&post=356"}],"version-history":[{"count":5,"href":"https:\/\/www.hepmet.ee\/index.php?rest_route=\/wp\/v2\/pages\/356\/revisions"}],"predecessor-version":[{"id":430,"href":"https:\/\/www.hepmet.ee\/index.php?rest_route=\/wp\/v2\/pages\/356\/revisions\/430"}],"wp:attachment":[{"href":"https:\/\/www.hepmet.ee\/index.php?rest_route=%2Fwp%2Fv2%2Fmedia&parent=356"}],"curies":[{"name":"wp","href":"https:\/\/api.w.org\/{rel}","templated":true}]}}